{"id":13794,"date":"2023-11-01T07:46:55","date_gmt":"2023-11-01T07:46:55","guid":{"rendered":"https:\/\/www.fincalasnuevas.com\/verfuegbarkeit-und-preise\/"},"modified":"2025-04-13T14:34:01","modified_gmt":"2025-04-13T14:34:01","slug":"verfuegbarkeit-und-preise","status":"publish","type":"page","link":"https:\/\/fincalasnuevas.com\/de\/verfuegbarkeit-und-preise\/","title":{"rendered":"Verf\u00fcgbarkeit und Preise"},"content":{"rendered":"<p>[et_pb_section fb_built=&#8220;1&#8243; custom_padding_last_edited=&#8220;on|phone&#8220; admin_label=&#8220;Market Information Section&#8220; _builder_version=&#8220;4.27.4&#8243; background_image=&#8220;https:\/\/fincalasnuevas.com\/wp-content\/uploads\/2023\/07\/zonnetje-finca-las-nuevas.png&#8220; background_size=&#8220;custom&#8220; background_image_height=&#8220;84%&#8220; background_position=&#8220;bottom_left&#8220; background_horizontal_offset=&#8220;16%&#8220; background_vertical_offset=&#8220;49%&#8220; custom_padding=&#8220;0em||2em||false|false&#8220; custom_padding_tablet=&#8220;1em||1em||true|false&#8220; custom_padding_phone=&#8220;0em||0em||true|false&#8220; background_last_edited=&#8220;on|desktop&#8220; background_image_height_tablet=&#8220;33%&#8220; background_image_height_phone=&#8220;10%&#8220; background_position_tablet=&#8220;bottom_right&#8220; background_position_phone=&#8220;bottom_right&#8220; background_horizontal_offset_tablet=&#8220;7%&#8220; background_horizontal_offset_phone=&#8220;5%&#8220; background_vertical_offset_tablet=&#8220;91%&#8220; background_vertical_offset_phone=&#8220;98%&#8220; global_colors_info=&#8220;{}&#8220;][et_pb_row column_structure=&#8220;1_3,2_3&#8243; admin_label=&#8220;Market Information Title Area&#8220; _builder_version=&#8220;4.16&#8243; custom_padding=&#8220;40px|0px|40px|0px&#8220; global_colors_info=&#8220;{}&#8220;][et_pb_column type=&#8220;1_3&#8243; _builder_version=&#8220;4.16&#8243; custom_padding=&#8220;|||&#8220; global_colors_info=&#8220;{}&#8220; custom_padding__hover=&#8220;|||&#8220;][et_pb_text admin_label=&#8220;Title&#8220; _builder_version=&#8220;4.23&#8243; _dynamic_attributes=&#8220;content&#8220; text_font=&#8220;||||||||&#8220; header_font=&#8220;||||||||&#8220; header_text_align=&#8220;right&#8220; header_font_size=&#8220;36px&#8220; header_2_font=&#8220;||||||||&#8220; header_2_font_size=&#8220;36px&#8220; header_2_line_height=&#8220;1.5em&#8220; custom_padding=&#8220;|||&#8220; animation_direction=&#8220;left&#8220; header_text_align_tablet=&#8220;center&#8220; header_text_align_phone=&#8220;center&#8220; header_text_align_last_edited=&#8220;on|phone&#8220; header_font_size_tablet=&#8220;36px&#8220; header_font_size_phone=&#8220;32px&#8220; header_font_size_last_edited=&#8220;on|phone&#8220; header_2_font_size_tablet=&#8220;36px&#8220; header_2_font_size_phone=&#8220;32px&#8220; header_2_font_size_last_edited=&#8220;on|phone&#8220; global_colors_info=&#8220;{}&#8220;]@ET-DC@eyJkeW5hbWljIjp0cnVlLCJjb250ZW50IjoicG9zdF90aXRsZSIsInNldHRpbmdzIjp7ImJlZm9yZSI6IjxoMT4iLCJhZnRlciI6IjwvaDE+In19@[\/et_pb_text][\/et_pb_column][et_pb_column type=&#8220;2_3&#8243; _builder_version=&#8220;4.16&#8243; custom_padding=&#8220;|||&#8220; global_colors_info=&#8220;{}&#8220; custom_padding__hover=&#8220;|||&#8220;][et_pb_text _builder_version=&#8220;4.23&#8243; text_font=&#8220;Open Sans||||||||&#8220; text_text_color=&#8220;#263614&#8243; text_font_size=&#8220;16px&#8220; text_line_height=&#8220;1.8em&#8220; header_font=&#8220;||||||||&#8220; text_orientation=&#8220;center&#8220; custom_margin=&#8220;5px||0px||false|false&#8220; custom_margin_tablet=&#8220;5px||0px||false|false&#8220; custom_margin_phone=&#8220;-15px||0px||false|false&#8220; custom_margin_last_edited=&#8220;on|phone&#8220; animation_style=&#8220;flip&#8220; animation_direction=&#8220;left&#8220; animation_intensity_flip=&#8220;20%&#8220; animation_starting_opacity=&#8220;100%&#8220; global_colors_info=&#8220;{}&#8220;]<\/p>\n<h3>Pr\u00fcf unsere Angebote und Preise:<\/h3>\n<form class=ohbe-search-form method=POST><div class=input-group><input name=ohbe_arrival class=ohbe-datepicker-arrival placeholder=\"Anreise\" required readonly data-group-id=69e59c4ac9ab9><input name=ohbe_departure class=ohbe-datepicker-departure placeholder=\"Abreise\" required readonly data-group-id=69e59c4ac9ab9><input type=hidden name=ohbe_datepicker_arrival><input type=hidden name=ohbe_datepicker_departure><input name=ohbe_promo class=ohbe-promo placeholder=\"Promotion-Code\"> <input type=hidden name=ispr value=1><button type=submit name=ohbe_search_submit class=\"btn-ohbe ohbe-search-submit\">Suchen<\/button><\/div><\/form>\n<p>[\/et_pb_text][\/et_pb_column][\/et_pb_row][\/et_pb_section][et_pb_section fb_built=&#8220;1&#8243; custom_padding_last_edited=&#8220;on|phone&#8220; _builder_version=&#8220;4.27.4&#8243; _module_preset=&#8220;default&#8220; background_color=&#8220;#E0E6D9&#8243; custom_padding_tablet=&#8220;1em||||false|false&#8220; custom_padding_phone=&#8220;1em||||false|false&#8220; global_colors_info=&#8220;{}&#8220;][et_pb_row _builder_version=&#8220;4.23&#8243; _module_preset=&#8220;default&#8220; custom_padding=&#8220;1em||0px||false|false&#8220; global_colors_info=&#8220;{}&#8220;][et_pb_column type=&#8220;4_4&#8243; _builder_version=&#8220;4.23&#8243; _module_preset=&#8220;default&#8220; global_colors_info=&#8220;{}&#8220;][et_pb_text _builder_version=&#8220;4.23&#8243; _module_preset=&#8220;default&#8220; header_2_text_align=&#8220;center&#8220; header_2_font_size=&#8220;36px&#8220; header_2_font_size_tablet=&#8220;36px&#8220; header_2_font_size_phone=&#8220;32px&#8220; header_2_font_size_last_edited=&#8220;on|phone&#8220; global_colors_info=&#8220;{}&#8220;]<\/p>\n<h2>Unsere Unterk\u00fcnfte<\/h2>\n<p>[\/et_pb_text][\/et_pb_column][\/et_pb_row][et_pb_row column_structure=&#8220;1_3,1_3,1_3&#8243; use_custom_gutter=&#8220;on&#8220; gutter_width=&#8220;2&#8243; make_equal=&#8220;on&#8220; module_id=&#8220;vijfhuizen&#8220; _builder_version=&#8220;4.27.4&#8243; _module_preset=&#8220;default&#8220; width=&#8220;100%&#8220; max_width=&#8220;65%&#8220; hover_enabled=&#8220;0&#8243; saved_tabs=&#8220;all&#8220; global_colors_info=&#8220;{}&#8220; global_module=&#8220;18101&#8243; theme_builder_area=&#8220;post_content&#8220; sticky_enabled=&#8220;0&#8243;][et_pb_column type=&#8220;1_3&#8243; _builder_version=&#8220;4.27.4&#8243; _module_preset=&#8220;default&#8220; background_color=&#8220;#54752B&#8220; link_option_url=&#8220;https:\/\/fincalasnuevas.com\/de\/romantisches-tiny-house-in-andalusien-casa-sofia\/&#8220; hover_enabled=&#8220;0&#8243; border_radii=&#8220;on|5px|5px|5px|5px&#8220; box_shadow_style=&#8220;preset3&#8243; global_colors_info=&#8220;{}&#8220; theme_builder_area=&#8220;post_content&#8220; sticky_enabled=&#8220;0&#8243;][et_pb_image src=&#8220;https:\/\/fincalasnuevas.com\/wp-content\/uploads\/2023\/08\/casa-sofia-1-2-personen.jpg&#8220; alt=&#8220;Casa Sofia&#8220; title_text=&#8220;Casa Sofia&#8220; _builder_version=&#8220;4.27.4&#8243; _module_preset=&#8220;default&#8220; custom_margin=&#8220;||10px||false|false&#8220; hover_enabled=&#8220;0&#8243; global_colors_info=&#8220;{}&#8220; theme_builder_area=&#8220;post_content&#8220; sticky_enabled=&#8220;0&#8243;][\/et_pb_image][et_pb_text _builder_version=&#8220;4.27.4&#8243; _module_preset=&#8220;default&#8220; text_text_color=&#8220;#E0E6D9&#8243; text_font_size=&#8220;16px&#8220; header_3_text_color=&#8220;#E0E6D9&#8243; custom_margin=&#8220;||||false|false&#8220; custom_padding=&#8220;10px|10px|10px|10px|true|true&#8220; global_colors_info=&#8220;{}&#8220; header_3_text_color__hover_enabled=&#8220;on|hover&#8220; header_3_text_color__hover=&#8220;#F47A36&#8243; text_text_color__hover_enabled=&#8220;on|desktop&#8220; text_text_color__hover=&#8220;#F47A36&#8243; theme_builder_area=&#8220;post_content&#8220;]<\/p>\n<h3>Casa Sofia<\/h3>\n<p>Romantisches Tinyhouse in ehemaliger Heuscheune mit fantastischer Aussicht.<\/p>\n<p>[\/et_pb_text][\/et_pb_column][et_pb_column type=&#8220;1_3&#8243; _builder_version=&#8220;4.27.4&#8243; _module_preset=&#8220;default&#8220; background_color=&#8220;#54752B&#8220; link_option_url=&#8220;https:\/\/fincalasnuevas.com\/de\/funf-personen-ferienhaus-in-den-bergen-von-malaga-casa-carmen\/&#8220; hover_enabled=&#8220;0&#8243; border_radii=&#8220;on|5px|5px|5px|5px&#8220; box_shadow_style=&#8220;preset3&#8243; global_colors_info=&#8220;{}&#8220; theme_builder_area=&#8220;post_content&#8220; sticky_enabled=&#8220;0&#8243;][et_pb_image src=&#8220;https:\/\/fincalasnuevas.com\/wp-content\/uploads\/2023\/08\/casa-carrmen-1-5-personen.jpg&#8220; alt=&#8220;Casa Carmen&#8220; title_text=&#8220;Casa Carmen&#8220; _builder_version=&#8220;4.21.0&#8243; _module_preset=&#8220;default&#8220; custom_margin=&#8220;||10px||false|false&#8220; global_colors_info=&#8220;{}&#8220; theme_builder_area=&#8220;post_content&#8220;][\/et_pb_image][et_pb_text _builder_version=&#8220;4.21.0&#8243; _module_preset=&#8220;default&#8220; text_text_color=&#8220;#E0E6D9&#8243; text_font_size=&#8220;16px&#8220; header_3_text_color=&#8220;#E0E6D9&#8243; custom_margin=&#8220;||||false|false&#8220; custom_padding=&#8220;10px|10px|10px|10px|true|true&#8220; global_colors_info=&#8220;{}&#8220; header_3_text_color__hover_enabled=&#8220;on|hover&#8220; header_3_text_color__hover=&#8220;#F47A36&#8243; text_text_color__hover_enabled=&#8220;on|desktop&#8220; text_text_color__hover=&#8220;#F47A36&#8243; theme_builder_area=&#8220;post_content&#8220;]<\/p>\n<h3>Casa Carmen<\/h3>\n<p>Gro\u00dfes Ferienhaus mit Kamin und sch\u00f6ner Aussicht.<\/p>\n<p>[\/et_pb_text][\/et_pb_column][et_pb_column type=&#8220;1_3&#8243; _builder_version=&#8220;4.27.4&#8243; _module_preset=&#8220;default&#8220; background_color=&#8220;#54752B&#8220; link_option_url=&#8220;https:\/\/fincalasnuevas.com\/de\/grosse-ferienwohnung-in-andalusien-casa-maria\/&#8220; hover_enabled=&#8220;0&#8243; border_radii=&#8220;on|5px|5px|5px|5px&#8220; box_shadow_style=&#8220;preset3&#8243; global_colors_info=&#8220;{}&#8220; theme_builder_area=&#8220;post_content&#8220; sticky_enabled=&#8220;0&#8243;][et_pb_image src=&#8220;https:\/\/fincalasnuevas.com\/wp-content\/uploads\/2025\/04\/Casa-Maria-.jpg&#8220; alt=&#8220;Casa Maria&#8220; title_text=&#8220;Casa Maria &#8220; _builder_version=&#8220;4.27.4&#8243; _module_preset=&#8220;default&#8220; custom_margin=&#8220;||10px||false|false&#8220; global_colors_info=&#8220;{}&#8220; theme_builder_area=&#8220;post_content&#8220;][\/et_pb_image][et_pb_text _builder_version=&#8220;4.27.4&#8243; _module_preset=&#8220;default&#8220; text_text_color=&#8220;#E0E6D9&#8243; text_font_size=&#8220;16px&#8220; header_3_text_color=&#8220;#E0E6D9&#8243; custom_margin=&#8220;||||false|false&#8220; custom_padding=&#8220;10px|10px|10px|10px|true|true&#8220; global_colors_info=&#8220;{}&#8220; header_3_text_color__hover_enabled=&#8220;on|hover&#8220; header_3_text_color__hover=&#8220;#F47A36&#8243; text_text_color__hover_enabled=&#8220;on|desktop&#8220; text_text_color__hover=&#8220;#F47A36&#8243; theme_builder_area=&#8220;post_content&#8220;]<\/p>\n<h3>Casa Maria<\/h3>\n<p>Ger\u00e4umiges Ferienhaus angrenzend an die gro\u00dfe Terrasse.Spacious holiday home adjacent to the large terrace.<\/p>\n<p>[\/et_pb_text][\/et_pb_column][\/et_pb_row][\/et_pb_section]<\/p>\n","protected":false},"excerpt":{"rendered":"<p>Pr\u00fcf unsere Angebote und Preise: <form class=ohbe-search-form method=POST><div class=input-group><input name=ohbe_arrival class=ohbe-datepicker-arrival placeholder=\"Anreise\" required readonly data-group-id=69e59c4ad3b54><input name=ohbe_departure class=ohbe-datepicker-departure placeholder=\"Abreise\" required readonly data-group-id=69e59c4ad3b54><input type=hidden name=ohbe_datepicker_arrival><input type=hidden name=ohbe_datepicker_departure><input name=ohbe_promo class=ohbe-promo placeholder=\"Promotion-Code\"> <input type=hidden name=ispr value=1><button type=submit name=ohbe_search_submit class=\"btn-ohbe ohbe-search-submit\">Suchen<\/button><\/div><\/form>Unsere Unterk\u00fcnfteCasa Sofia Romantisches Tinyhouse in ehemaliger Heuscheune mit fantastischer Aussicht.Casa Carmen Gro\u00dfes Ferienhaus mit Kamin und sch\u00f6ner Aussicht.Casa Maria Ger\u00e4umiges Ferienhaus angrenzend an die gro\u00dfe Terrasse.Spacious holiday home adjacent to the large terrace.<\/p>\n","protected":false},"author":1,"featured_media":0,"parent":0,"menu_order":0,"comment_status":"closed","ping_status":"closed","template":"","meta":{"_et_pb_use_builder":"on","_et_pb_old_content":"","_et_gb_content_width":"","footnotes":""},"class_list":["post-13794","page","type-page","status-publish","hentry"],"_links":{"self":[{"href":"https:\/\/fincalasnuevas.com\/de\/wp-json\/wp\/v2\/pages\/13794","targetHints":{"allow":["GET"]}}],"collection":[{"href":"https:\/\/fincalasnuevas.com\/de\/wp-json\/wp\/v2\/pages"}],"about":[{"href":"https:\/\/fincalasnuevas.com\/de\/wp-json\/wp\/v2\/types\/page"}],"author":[{"embeddable":true,"href":"https:\/\/fincalasnuevas.com\/de\/wp-json\/wp\/v2\/users\/1"}],"replies":[{"embeddable":true,"href":"https:\/\/fincalasnuevas.com\/de\/wp-json\/wp\/v2\/comments?post=13794"}],"version-history":[{"count":14,"href":"https:\/\/fincalasnuevas.com\/de\/wp-json\/wp\/v2\/pages\/13794\/revisions"}],"predecessor-version":[{"id":18128,"href":"https:\/\/fincalasnuevas.com\/de\/wp-json\/wp\/v2\/pages\/13794\/revisions\/18128"}],"wp:attachment":[{"href":"https:\/\/fincalasnuevas.com\/de\/wp-json\/wp\/v2\/media?parent=13794"}],"curies":[{"name":"wp","href":"https:\/\/api.w.org\/{rel}","templated":true}]}}