{"id":13806,"date":"2023-10-30T19:20:09","date_gmt":"2023-10-30T19:20:09","guid":{"rendered":"https:\/\/www.fincalasnuevas.com\/kontakt\/"},"modified":"2025-04-13T14:46:43","modified_gmt":"2025-04-13T14:46:43","slug":"kontakt","status":"publish","type":"page","link":"https:\/\/fincalasnuevas.com\/de\/kontakt\/","title":{"rendered":"Kontakt"},"content":{"rendered":"<p>[et_pb_section fb_built=&#8220;1&#8243; fullwidth=&#8220;on&#8220; _builder_version=&#8220;4.22.0&#8243; animation_style=&#8220;slide&#8220; animation_direction=&#8220;top&#8220; animation_intensity_slide=&#8220;2%&#8220; animation_starting_opacity=&#8220;100%&#8220; global_colors_info=&#8220;{}&#8220;][et_pb_fullwidth_header title=&#8220;@ET-DC@eyJkeW5hbWljIjp0cnVlLCJjb250ZW50IjoicG9zdF90aXRsZSIsInNldHRpbmdzIjp7ImJlZm9yZSI6IjxoMT4iLCJhZnRlciI6IjwvaDE+IiwiZW5hYmxlX2h0bWwiOiJvZmYifX0=@&#8220; content_max_width=&#8220;900px&#8220; _builder_version=&#8220;4.23&#8243; _dynamic_attributes=&#8220;title&#8220; title_font=&#8220;Lato||||||||&#8220; title_font_size=&#8220;60px&#8220; title_line_height=&#8220;1.2em&#8220; content_font=&#8220;||||||||&#8220; content_font_size=&#8220;20px&#8220; content_line_height=&#8220;1.8em&#8220; subhead_font=&#8220;|600|||||||&#8220; subhead_font_size=&#8220;32px&#8220; background_color=&#8220;rgba(255, 255, 255, 0)&#8220; use_background_color_gradient=&#8220;on&#8220; background_color_gradient_direction=&#8220;90deg&#8220; background_color_gradient_stops=&#8220;rgba(0,0,0,0.75) 0%|rgba(0,0,0,0) 0%&#8220; background_color_gradient_overlays_image=&#8220;on&#8220; background_color_gradient_start=&#8220;rgba(0,0,0,0.75)&#8220; background_color_gradient_end=&#8220;rgba(0,0,0,0)&#8220; background_image=&#8220;https:\/\/fincalasnuevas.com\/wp-content\/uploads\/2023\/10\/contact-finca-las-nuevas.jpg&#8220; custom_button_one=&#8220;on&#8220; button_one_text_size=&#8220;18px&#8220; button_one_bg_color=&#8220;#02d002&#8243; button_one_border_width=&#8220;8px&#8220; button_one_border_color=&#8220;#02d002&#8243; button_one_border_radius=&#8220;0px&#8220; button_one_letter_spacing=&#8220;1px&#8220; button_one_font=&#8220;Lato|700|||||||&#8220; button_one_use_icon=&#8220;off&#8220; custom_button_two=&#8220;on&#8220; button_two_text_size=&#8220;18px&#8220; button_two_text_color=&#8220;#353740&#8243; button_two_bg_color=&#8220;#ffffff&#8220; button_two_border_width=&#8220;8px&#8220; button_two_border_color=&#8220;#ffffff&#8220; button_two_border_radius=&#8220;0px&#8220; button_two_letter_spacing=&#8220;1px&#8220; button_two_font=&#8220;Lato|700|||||||&#8220; button_two_use_icon=&#8220;off&#8220; height=&#8220;650px&#8220; height_tablet=&#8220;650px&#8220; height_phone=&#8220;650px&#8220; height_last_edited=&#8220;on|desktop&#8220; custom_margin=&#8220;|||&#8220; custom_padding=&#8220;10%||10%|&#8220; title_font_size_tablet=&#8220;60px&#8220; title_font_size_phone=&#8220;40px&#8220; title_font_size_last_edited=&#8220;on|phone&#8220; background_last_edited=&#8220;on|phone&#8220; background_position_phone=&#8220;bottom_right&#8220; button_one_letter_spacing_hover=&#8220;1px&#8220; button_two_letter_spacing_hover=&#8220;1px&#8220; global_colors_info=&#8220;{}&#8220; button_one_text_size__hover_enabled=&#8220;off&#8220; button_two_text_size__hover_enabled=&#8220;off&#8220; button_one_text_color__hover_enabled=&#8220;off&#8220; button_two_text_color__hover_enabled=&#8220;off&#8220; button_one_border_width__hover_enabled=&#8220;off&#8220; button_two_border_width__hover_enabled=&#8220;off&#8220; button_one_border_color__hover_enabled=&#8220;off&#8220; button_two_border_color__hover_enabled=&#8220;off&#8220; button_one_border_radius__hover_enabled=&#8220;off&#8220; button_two_border_radius__hover_enabled=&#8220;off&#8220; button_one_letter_spacing__hover_enabled=&#8220;on&#8220; button_one_letter_spacing__hover=&#8220;1px&#8220; button_two_letter_spacing__hover_enabled=&#8220;on&#8220; button_two_letter_spacing__hover=&#8220;1px&#8220; button_one_bg_color__hover_enabled=&#8220;off&#8220; button_two_bg_color__hover_enabled=&#8220;off&#8220;][\/et_pb_fullwidth_header][\/et_pb_section][et_pb_section fb_built=&#8220;1&#8243; custom_padding_last_edited=&#8220;off|desktop&#8220; admin_label=&#8220;Market Information Section&#8220; _builder_version=&#8220;4.22.2&#8243; custom_padding=&#8220;||||false|false&#8220; custom_padding_tablet=&#8220;3em||3em||true|false&#8220; custom_padding_phone=&#8220;1em||1em||true|false&#8220; global_colors_info=&#8220;{}&#8220;][et_pb_row column_structure=&#8220;1_2,1_2&#8243; custom_padding_last_edited=&#8220;on|tablet&#8220; admin_label=&#8220;Market Information Title Area&#8220; _builder_version=&#8220;4.21.0&#8243; custom_padding=&#8220;2em|0px|2em|0px|true|false&#8220; custom_padding_tablet=&#8220;0em|0px|1em|0px|false|false&#8220; custom_padding_phone=&#8220;0px|0px|0px|0px|true|false&#8220; global_colors_info=&#8220;{}&#8220;][et_pb_column type=&#8220;1_2&#8243; _builder_version=&#8220;4.16&#8243; custom_padding=&#8220;|||&#8220; global_colors_info=&#8220;{}&#8220; custom_padding__hover=&#8220;|||&#8220;][et_pb_text _builder_version=&#8220;4.27.0&#8243; _module_preset=&#8220;default&#8220; global_colors_info=&#8220;{}&#8220;]<\/p>\n<p>Wenn du die Finca Las Nuevas f\u00fcr ein Familientreffen, einen Workshop oder eine Klausurtagung komplett mieten m\u00f6chtest oder eine Frage hast, kannst du uns gerne eine <a href=\"mailto:info@fincalasnuevas.com\">E-Mail<\/a> schicken oder das untenstehende Formular ausf\u00fcllen. Wir werden versuchen, dir so schnell wie m\u00f6glich zu antworten. \u00dcberpr\u00fcfe dir auch die Spam-Box, manchmal landen unsere Antworten dort.<\/p>\n<p>Auf <a href=\"https:\/\/fincalasnuevas.com\/de\/verfuegbarkeit-und-preise\/\">dieser Seite<\/a> kannst du auch eine Reservierungsanfrage machen.<\/p>\n<p>[\/et_pb_text][et_pb_text _builder_version=&#8220;4.27.4&#8243; _module_preset=&#8220;default&#8220; custom_margin=&#8220;2em||||false|false&#8220; custom_padding=&#8220;2em|2em|2em|2em|true|true&#8220; border_radii=&#8220;on|3px|3px|3px|3px&#8220; border_width_all=&#8220;1px&#8220; border_color_all=&#8220;#54752B&#8220; global_colors_info=&#8220;{}&#8220;]<\/p>\n<h2>Kontakt-Formular<\/h2>\n<div class='fluentform ff-default fluentform_wrapper_4 ffs_default_wrap'><form data-form_id=\"4\" id=\"fluentform_4\" class=\"frm-fluent-form fluent_form_4 ff-el-form-top ff_form_instance_4_1 ff-form-loading ffs_default\" data-form_instance=\"ff_form_instance_4_1\" method=\"POST\" ><fieldset  style=\"border: none!important;margin: 0!important;padding: 0!important;background-color: transparent!important;box-shadow: none!important;outline: none!important; min-inline-size: 100%;\">\n                    <legend class=\"ff_screen_reader_title\" style=\"display: block; margin: 0!important;padding: 0!important;height: 0!important;text-indent: -999999px;width: 0!important;overflow:hidden;\">Contact - DE (#4)<\/legend><input type='hidden' name='__fluent_form_embded_post_id' value='13806' \/><input type=\"hidden\" id=\"_fluentform_4_fluentformnonce\" name=\"_fluentform_4_fluentformnonce\" value=\"82a852331e\" \/><input type=\"hidden\" name=\"_wp_http_referer\" value=\"\/de\/wp-json\/wp\/v2\/pages\/13806\" \/><div data-type=\"name-element\" data-name=\"names\" class=\" ff-field_container ff-name-field-wrapper\" ><div class='ff-t-container'><div class='ff-t-cell '><div class='ff-el-group'><div class=\"ff-el-input--label ff-el-is-required asterisk-right\"><label for='ff_4_names_first_name_' id='label_ff_4_names_first_name_' >Name<\/label><\/div><div class='ff-el-input--content'><input type=\"text\" name=\"names[first_name]\" id=\"ff_4_names_first_name_\" class=\"ff-el-form-control\" aria-invalid=\"false\" aria-required=true><\/div><\/div><\/div><\/div><\/div><div class='ff-el-group'><div class=\"ff-el-input--label ff-el-is-required asterisk-right\"><label for='ff_4_email' id='label_ff_4_email' aria-label=\"E-mail\">E-mail<\/label><\/div><div class='ff-el-input--content'><input type=\"email\" name=\"email\" id=\"ff_4_email\" class=\"ff-el-form-control\" data-name=\"email\"  aria-invalid=\"false\" aria-required=true><\/div><\/div><div class='ff-el-group'><div class=\"ff-el-input--label ff-el-is-required asterisk-right\"><label for='ff_4_message' id='label_ff_4_message' aria-label=\"Nachricht\">Nachricht<\/label><\/div><div class='ff-el-input--content'><textarea aria-required=\"true\" aria-labelledby=\"label_ff_4_message\" name=\"message\" id=\"ff_4_message\" class=\"ff-el-form-control\" placeholder=\"Schreibe die Nachricht hier\" rows=\"4\" cols=\"2\" data-name=\"message\" ><\/textarea><\/div><\/div><div class='ff-el-group ff-text-left ff_submit_btn_wrapper'><button type=\"submit\" class=\"ff-btn ff-btn-submit ff-btn-md ff_btn_style\"  aria-label=\"senden\">senden<\/button><\/div><\/fieldset><\/form><div id='fluentform_4_errors' class='ff-errors-in-stack ff_form_instance_4_1 ff-form-loading_errors ff_form_instance_4_1_errors'><\/div><\/div>            <script type=\"text\/javascript\">\n                window.fluent_form_ff_form_instance_4_1 = {\"id\":\"4\",\"settings\":{\"layout\":{\"labelPlacement\":\"top\",\"helpMessagePlacement\":\"with_label\",\"errorMessagePlacement\":\"inline\",\"cssClassName\":\"\",\"asteriskPlacement\":\"asterisk-right\"},\"restrictions\":{\"denyEmptySubmission\":{\"enabled\":false}}},\"form_instance\":\"ff_form_instance_4_1\",\"form_id_selector\":\"fluentform_4\",\"rules\":{\"names[first_name]\":{\"required\":{\"value\":true,\"message\":\"Dit is een verplicht veld\",\"global\":false,\"global_message\":\"Dit veld is vereist\"}},\"names[middle_name]\":{\"required\":{\"value\":false,\"message\":\"This field is required\",\"global\":false,\"global_message\":\"Dit veld is vereist\"}},\"names[last_name]\":{\"required\":{\"value\":false,\"message\":\"This field is required\",\"global\":false,\"global_message\":\"Dit veld is vereist\"}},\"email\":{\"required\":{\"value\":true,\"message\":\"Dit is een verplicht veld\",\"global\":false,\"global_message\":\"Dit veld is vereist\"},\"email\":{\"value\":true,\"message\":\"Vul een geldig e-mailadres in\",\"global\":false,\"global_message\":\"Dit veld moet een geldig e-mailadres bevatten\"}},\"message\":{\"required\":{\"value\":true,\"message\":\"This field is required\",\"global\":false,\"global_message\":\"Dit veld is vereist\"}}},\"debounce_time\":300};\n                            <\/script>\n            \n<p>[\/et_pb_text][et_pb_code _builder_version=&#8220;4.23&#8243; _module_preset=&#8220;default&#8220; global_colors_info=&#8220;{}&#8220;][\/et_pb_code][\/et_pb_column][et_pb_column type=&#8220;1_2&#8243; _builder_version=&#8220;4.16&#8243; custom_padding=&#8220;|||&#8220; global_colors_info=&#8220;{}&#8220; custom_padding__hover=&#8220;|||&#8220;][et_pb_text _builder_version=&#8220;4.25.2&#8243; _module_preset=&#8220;default&#8220; global_colors_info=&#8220;{}&#8220;]<\/p>\n<p><strong>Finca las Nuevas<br \/><\/strong>Diseminado Poligono 9,6<br \/>29500 \u00c1lora<br \/>Spanje<\/p>\n<p><strong>Korrespondenzadresse<\/strong><br \/>Apartado de Correos 92<br \/>29580 C\u00e1rtama de Estaci\u00f3n<br \/>Spanien<\/p>\n<p><a href=\"mailto:info@fincalasnuevas.com\"><\/a><\/p>\n<p>[\/et_pb_text][et_pb_blurb url=&#8220;https:\/\/api.whatsapp.com\/send?phone=34600294947&#8243; use_icon=&#8220;on&#8220; font_icon=&#8220;&#xf232;||fa||400&#8243; icon_color=&#8220;#F47A36&#8243; icon_placement=&#8220;left&#8220; image_icon_width=&#8220;36px&#8220; _builder_version=&#8220;4.23&#8243; _module_preset=&#8220;default&#8220; custom_margin=&#8220;||||false|false&#8220; custom_margin_tablet=&#8220;51px||||false|false&#8220; custom_margin_phone=&#8220;51px||||false|false&#8220; custom_margin_last_edited=&#8220;off|desktop&#8220; link_option_url=&#8220;https:\/\/api.whatsapp.com\/send?phone=34600294947&#8243; global_colors_info=&#8220;{}&#8220; icon_color__hover_enabled=&#8220;on|hover&#8220; icon_color__hover=&#8220;#B5BA05&#8243; body_text_color__hover_enabled=&#8220;on|hover&#8220; body_text_color__hover=&#8220;#B5BA05&#8243;]<\/p>\n<p>Kontakt \u00fcber WhatsApp<\/p>\n<p>[\/et_pb_blurb][et_pb_text _builder_version=&#8220;4.23&#8243; _module_preset=&#8220;default&#8220; link_text_color=&#8220;#F47A36&#8243; global_colors_info=&#8220;{}&#8220; link_text_color__hover_enabled=&#8220;on|hover&#8220; link_text_color__hover=&#8220;#B5BA05&#8243;]<\/p>\n<p>Wenn du es vorziehst, telefonisch kontaktiert zu werden, kannst du dies unter folgender Nummer tun: <a href=\"tel:0034600294947\">0034 600294947<\/a><\/p>\n<p>[\/et_pb_text][\/et_pb_column][\/et_pb_row][\/et_pb_section][et_pb_section fb_built=&#8220;1&#8243; _builder_version=&#8220;4.23&#8243; _module_preset=&#8220;default&#8220; background_color=&#8220;#E0E6D9&#8243; custom_padding=&#8220;2em||2em||true|false&#8220; global_colors_info=&#8220;{}&#8220;][et_pb_row _builder_version=&#8220;4.23&#8243; _module_preset=&#8220;default&#8220; custom_padding=&#8220;||0px||false|false&#8220; global_colors_info=&#8220;{}&#8220;][et_pb_column type=&#8220;4_4&#8243; _builder_version=&#8220;4.23&#8243; _module_preset=&#8220;default&#8220; global_colors_info=&#8220;{}&#8220;][et_pb_text _builder_version=&#8220;4.23&#8243; _module_preset=&#8220;default&#8220; header_2_text_align=&#8220;center&#8220; header_2_font_size=&#8220;36px&#8220; header_2_font_size_tablet=&#8220;36px&#8220; header_2_font_size_phone=&#8220;32px&#8220; header_2_font_size_last_edited=&#8220;on|phone&#8220; global_colors_info=&#8220;{}&#8220;]<\/p>\n<h2>Unsere Ferienh\u00e4user<\/h2>\n<p>[\/et_pb_text][\/et_pb_column][\/et_pb_row][et_pb_row column_structure=&#8220;1_3,1_3,1_3&#8243; use_custom_gutter=&#8220;on&#8220; gutter_width=&#8220;2&#8243; make_equal=&#8220;on&#8220; module_id=&#8220;vijfhuizen&#8220; _builder_version=&#8220;4.27.4&#8243; _module_preset=&#8220;default&#8220; saved_tabs=&#8220;all&#8220; global_colors_info=&#8220;{}&#8220; global_module=&#8220;18101&#8243; theme_builder_area=&#8220;post_content&#8220;][et_pb_column type=&#8220;1_3&#8243; _builder_version=&#8220;4.27.4&#8243; _module_preset=&#8220;default&#8220; background_color=&#8220;#54752B&#8220; link_option_url=&#8220;https:\/\/fincalasnuevas.com\/de\/casa-sofia-2-2\/&#8220; border_radii=&#8220;on|5px|5px|5px|5px&#8220; box_shadow_style=&#8220;preset3&#8243; global_colors_info=&#8220;{}&#8220; theme_builder_area=&#8220;post_content&#8220;][et_pb_image src=&#8220;https:\/\/fincalasnuevas.com\/wp-content\/uploads\/2023\/08\/casa-sofia-1-2-personen.jpg&#8220; alt=&#8220;Casa Sofia&#8220; title_text=&#8220;Casa Sofia&#8220; _builder_version=&#8220;4.27.4&#8243; _module_preset=&#8220;default&#8220; custom_margin=&#8220;||10px||false|false&#8220; global_colors_info=&#8220;{}&#8220; theme_builder_area=&#8220;post_content&#8220;][\/et_pb_image][et_pb_text _builder_version=&#8220;4.27.4&#8243; _module_preset=&#8220;default&#8220; text_text_color=&#8220;#E0E6D9&#8243; text_font_size=&#8220;16px&#8220; header_3_text_color=&#8220;#E0E6D9&#8243; custom_margin=&#8220;||||false|false&#8220; custom_padding=&#8220;10px|10px|10px|10px|true|true&#8220; global_colors_info=&#8220;{}&#8220; header_3_text_color__hover_enabled=&#8220;on|hover&#8220; header_3_text_color__hover=&#8220;#F47A36&#8243; text_text_color__hover_enabled=&#8220;on|desktop&#8220; text_text_color__hover=&#8220;#F47A36&#8243; theme_builder_area=&#8220;post_content&#8220;]<\/p>\n<h3>Casa Sofia<\/h3>\n<p>Romantisches Tinyhouse in ehemaliger Heuscheune mit fantastischer Aussicht.<\/p>\n<p>[\/et_pb_text][\/et_pb_column][et_pb_column type=&#8220;1_3&#8243; _builder_version=&#8220;4.21.0&#8243; _module_preset=&#8220;default&#8220; background_color=&#8220;#54752B&#8220; link_option_url=&#8220;https:\/\/fincalasnuevas.com\/de\/casa-carmen-2\/&#8220; border_radii=&#8220;on|5px|5px|5px|5px&#8220; box_shadow_style=&#8220;preset3&#8243; global_colors_info=&#8220;{}&#8220; theme_builder_area=&#8220;post_content&#8220;][et_pb_image src=&#8220;https:\/\/fincalasnuevas.com\/wp-content\/uploads\/2023\/08\/casa-carrmen-1-5-personen.jpg&#8220; alt=&#8220;Casa Carmen&#8220; title_text=&#8220;Casa Carmen&#8220; _builder_version=&#8220;4.21.0&#8243; _module_preset=&#8220;default&#8220; custom_margin=&#8220;||10px||false|false&#8220; global_colors_info=&#8220;{}&#8220; theme_builder_area=&#8220;post_content&#8220;][\/et_pb_image][et_pb_text _builder_version=&#8220;4.21.0&#8243; _module_preset=&#8220;default&#8220; text_text_color=&#8220;#E0E6D9&#8243; text_font_size=&#8220;16px&#8220; header_3_text_color=&#8220;#E0E6D9&#8243; custom_margin=&#8220;||||false|false&#8220; custom_padding=&#8220;10px|10px|10px|10px|true|true&#8220; global_colors_info=&#8220;{}&#8220; header_3_text_color__hover_enabled=&#8220;on|hover&#8220; header_3_text_color__hover=&#8220;#F47A36&#8243; text_text_color__hover_enabled=&#8220;on|desktop&#8220; text_text_color__hover=&#8220;#F47A36&#8243; theme_builder_area=&#8220;post_content&#8220;]<\/p>\n<h3>Casa Carmen<\/h3>\n<p>Gro\u00dfes Ferienhaus mit Kamin und sch\u00f6ner Aussicht.<\/p>\n<p>[\/et_pb_text][\/et_pb_column][et_pb_column type=&#8220;1_3&#8243; _builder_version=&#8220;4.27.4&#8243; _module_preset=&#8220;default&#8220; background_color=&#8220;#54752B&#8220; link_option_url=&#8220;https:\/\/fincalasnuevas.com\/de\/grosse-ferienwohnung-in-andalusien-casa-maria\/&#8220; border_radii=&#8220;on|5px|5px|5px|5px&#8220; box_shadow_style=&#8220;preset3&#8243; global_colors_info=&#8220;{}&#8220; theme_builder_area=&#8220;post_content&#8220;][et_pb_image src=&#8220;https:\/\/fincalasnuevas.com\/wp-content\/uploads\/2025\/04\/Casa-Maria-.jpg&#8220; alt=&#8220;Casa Maria&#8220; title_text=&#8220;Casa Maria &#8220; _builder_version=&#8220;4.27.4&#8243; _module_preset=&#8220;default&#8220; custom_margin=&#8220;||10px||false|false&#8220; global_colors_info=&#8220;{}&#8220; theme_builder_area=&#8220;post_content&#8220;][\/et_pb_image][et_pb_text _builder_version=&#8220;4.27.4&#8243; _module_preset=&#8220;default&#8220; text_text_color=&#8220;#E0E6D9&#8243; text_font_size=&#8220;16px&#8220; header_3_text_color=&#8220;#E0E6D9&#8243; custom_margin=&#8220;||||false|false&#8220; custom_padding=&#8220;10px|10px|10px|10px|true|true&#8220; global_colors_info=&#8220;{}&#8220; header_3_text_color__hover_enabled=&#8220;on|hover&#8220; header_3_text_color__hover=&#8220;#F47A36&#8243; text_text_color__hover_enabled=&#8220;on|desktop&#8220; text_text_color__hover=&#8220;#F47A36&#8243; theme_builder_area=&#8220;post_content&#8220;]<\/p>\n<h3>Casa Maria<\/h3>\n<p>Ger\u00e4umiges Ferienhaus angrenzend an die gro\u00dfe Terrasse.Spacious holiday home adjacent to the large terrace.<\/p>\n<p>[\/et_pb_text][\/et_pb_column][\/et_pb_row][\/et_pb_section][et_pb_section fb_built=&#8220;1&#8243; _builder_version=&#8220;4.23&#8243; _module_preset=&#8220;default&#8220; global_colors_info=&#8220;{}&#8220;][et_pb_row module_id=&#8220;beschikbaarheid&#8220; _builder_version=&#8220;4.22.0&#8243; _module_preset=&#8220;default&#8220; background_color=&#8220;#B5BA05&#8243; custom_margin=&#8220;2em||||false|false&#8220; custom_margin_tablet=&#8220;&#8220; custom_margin_phone=&#8220;0em||||false|false&#8220; custom_margin_last_edited=&#8220;on|phone&#8220; border_radii=&#8220;on|5px|5px|5px|5px&#8220; box_shadow_style=&#8220;preset3&#8243; global_module=&#8220;10255&#8243; global_colors_info=&#8220;{}&#8220;][et_pb_column type=&#8220;4_4&#8243; _builder_version=&#8220;4.21.0&#8243; _module_preset=&#8220;default&#8220; global_colors_info=&#8220;{}&#8220;][et_pb_text _builder_version=&#8220;4.21.0&#8243; _module_preset=&#8220;default&#8220; text_font=&#8220;|600|||||||&#8220; text_text_color=&#8220;#54752B&#8220; header_2_text_align=&#8220;center&#8220; text_orientation=&#8220;center&#8220; global_colors_info=&#8220;{}&#8220;]<\/p>\n<h2>Verf\u00fcgbarkeit und Preise pr\u00fcfen<\/h2>\n<p>Ab 2 N\u00e4chte<\/p>\n<p><form class=ohbe-search-form method=POST><div class=input-group><input name=ohbe_arrival class=ohbe-datepicker-arrival placeholder=\"Anreise\" required readonly data-group-id=69e59c6b580d2><input name=ohbe_departure class=ohbe-datepicker-departure placeholder=\"Abreise\" required readonly data-group-id=69e59c6b580d2><input type=hidden name=ohbe_datepicker_arrival><input type=hidden name=ohbe_datepicker_departure><input name=ohbe_promo class=ohbe-promo placeholder=\"Promotion-Code\"> <input type=hidden name=ispr value=1><button type=submit name=ohbe_search_submit class=\"btn-ohbe ohbe-search-submit\">Suchen<\/button><\/div><\/form>[\/et_pb_text][\/et_pb_column][\/et_pb_row][\/et_pb_section][et_pb_section fb_built=&#8220;1&#8243; _builder_version=&#8220;4.23&#8243; _module_preset=&#8220;default&#8220; custom_margin=&#8220;||2em||false|false&#8220; global_colors_info=&#8220;{}&#8220;][et_pb_row _builder_version=&#8220;4.23&#8243; _module_preset=&#8220;default&#8220; global_colors_info=&#8220;{}&#8220;][et_pb_column type=&#8220;4_4&#8243; _builder_version=&#8220;4.23&#8243; _module_preset=&#8220;default&#8220; global_colors_info=&#8220;{}&#8220;][et_pb_text _builder_version=&#8220;4.23&#8243; _module_preset=&#8220;default&#8220; header_2_text_align=&#8220;center&#8220; header_2_font_size=&#8220;36px&#8220; header_2_font_size_tablet=&#8220;36px&#8220; header_2_font_size_phone=&#8220;32px&#8220; header_2_font_size_last_edited=&#8220;on|phone&#8220; global_colors_info=&#8220;{}&#8220;]<\/p>\n<h2>Andalusia Inspiration<\/h2>\n<p>[\/et_pb_text][et_pb_button button_url=&#8220;https:\/\/laposta.nl\/f\/ssrz47azo3jp&#8220; button_text=&#8220;Bleib dran f\u00fcr Neuigkeiten und Inspiration \u00fcber Andalusien&#8220; button_alignment=&#8220;center&#8220; _builder_version=&#8220;4.23.4&#8243; _module_preset=&#8220;default&#8220; custom_button=&#8220;on&#8220; button_text_size=&#8220;18px&#8220; button_text_color=&#8220;#FFFFFF&#8220; button_bg_color=&#8220;#54752B&#8220; button_border_width=&#8220;0px&#8220; button_border_radius=&#8220;5px&#8220; button_letter_spacing=&#8220;1px&#8220; button_font=&#8220;|600|||||||&#8220; custom_padding=&#8220;10px|2em|10px|2em|true|true&#8220; button_bg_color_last_edited=&#8220;off|desktop&#8220; global_module=&#8220;12731&#8243; saved_tabs=&#8220;all&#8220; global_colors_info=&#8220;{}&#8220; button_bg_color__hover_enabled=&#8220;on|desktop&#8220; button_bg_color__hover=&#8220;#F47A36&#8243; button_bg_enable_color__hover=&#8220;on&#8220;][\/et_pb_button][\/et_pb_column][\/et_pb_row][\/et_pb_section][et_pb_section fb_built=&#8220;1&#8243; _builder_version=&#8220;4.21.0&#8243; _module_preset=&#8220;default&#8220; custom_padding=&#8220;0px||0px||true|false&#8220; saved_tabs=&#8220;all&#8220; global_colors_info=&#8220;{}&#8220;][et_pb_row _builder_version=&#8220;4.21.0&#8243; _module_preset=&#8220;default&#8220; width=&#8220;100%&#8220; max_width=&#8220;100%&#8220; custom_padding=&#8220;0px||0px||true|false&#8220; global_colors_info=&#8220;{}&#8220;][et_pb_column type=&#8220;4_4&#8243; _builder_version=&#8220;4.21.0&#8243; _module_preset=&#8220;default&#8220; global_colors_info=&#8220;{}&#8220;][et_pb_code _builder_version=&#8220;4.23.4&#8243; _module_preset=&#8220;default&#8220; global_colors_info=&#8220;{}&#8220;]<iframe src=\"https:\/\/www.google.com\/maps\/embed?pb=!1m14!1m8!1m3!1d144565.58927138685!2d-4.60037213933073!3d36.80705479378462!3m2!1i1024!2i768!4f13.1!3m3!1m2!1s0xd72ec7ed779a96b%3A0xb312a6cb487f0c9f!2sFinca%20Las%20Nuevas!5e0!3m2!1sen!2sfr!4v1704567237083!5m2!1sen!2sfr\" width=\"100%\" height=\"500\" style=\"border:0;\" allowfullscreen=\"\" loading=\"lazy\" referrerpolicy=\"no-referrer-when-downgrade\"><\/iframe>[\/et_pb_code][\/et_pb_column][\/et_pb_row][\/et_pb_section]<\/p>\n","protected":false},"excerpt":{"rendered":"<p>Wenn du die Finca Las Nuevas f\u00fcr ein Familientreffen, einen Workshop oder eine Klausurtagung komplett mieten m\u00f6chtest oder eine Frage hast, kannst du uns gerne eine E-Mail schicken oder das untenstehende Formular ausf\u00fcllen. Wir werden versuchen, dir so schnell wie m\u00f6glich zu antworten. \u00dcberpr\u00fcfe dir auch die Spam-Box, manchmal landen unsere Antworten dort. Auf dieser [&hellip;]<\/p>\n","protected":false},"author":1,"featured_media":0,"parent":0,"menu_order":0,"comment_status":"closed","ping_status":"closed","template":"","meta":{"_et_pb_use_builder":"on","_et_pb_old_content":"","_et_gb_content_width":"","footnotes":""},"class_list":["post-13806","page","type-page","status-publish","hentry"],"_links":{"self":[{"href":"https:\/\/fincalasnuevas.com\/de\/wp-json\/wp\/v2\/pages\/13806","targetHints":{"allow":["GET"]}}],"collection":[{"href":"https:\/\/fincalasnuevas.com\/de\/wp-json\/wp\/v2\/pages"}],"about":[{"href":"https:\/\/fincalasnuevas.com\/de\/wp-json\/wp\/v2\/types\/page"}],"author":[{"embeddable":true,"href":"https:\/\/fincalasnuevas.com\/de\/wp-json\/wp\/v2\/users\/1"}],"replies":[{"embeddable":true,"href":"https:\/\/fincalasnuevas.com\/de\/wp-json\/wp\/v2\/comments?post=13806"}],"version-history":[{"count":20,"href":"https:\/\/fincalasnuevas.com\/de\/wp-json\/wp\/v2\/pages\/13806\/revisions"}],"predecessor-version":[{"id":18148,"href":"https:\/\/fincalasnuevas.com\/de\/wp-json\/wp\/v2\/pages\/13806\/revisions\/18148"}],"wp:attachment":[{"href":"https:\/\/fincalasnuevas.com\/de\/wp-json\/wp\/v2\/media?parent=13806"}],"curies":[{"name":"wp","href":"https:\/\/api.w.org\/{rel}","templated":true}]}}