{"id":15777,"date":"2023-08-11T18:17:24","date_gmt":"2023-08-11T18:17:24","guid":{"rendered":"https:\/\/www.fincalasnuevas.com\/blog-ueber-andalusien\/"},"modified":"2024-03-25T16:37:46","modified_gmt":"2024-03-25T16:37:46","slug":"blog-ueber-andalusien","status":"publish","type":"page","link":"https:\/\/fincalasnuevas.com\/de\/blog-ueber-andalusien\/","title":{"rendered":"Blog \u00fcber Andalusien"},"content":{"rendered":"<p>[et_pb_section fb_built=&#8220;1&#8243; custom_padding_last_edited=&#8220;on|phone&#8220; admin_label=&#8220;Market Information Section&#8220; _builder_version=&#8220;4.22.0&#8243; background_image=&#8220;https:\/\/fincalasnuevas.com\/wp-content\/uploads\/2023\/07\/zonnetje-finca-las-nuevas.png&#8220; background_size=&#8220;custom&#8220; background_image_height=&#8220;84%&#8220; background_position=&#8220;bottom_left&#8220; background_horizontal_offset=&#8220;16%&#8220; background_vertical_offset=&#8220;49%&#8220; custom_padding=&#8220;0em||2em||false|false&#8220; custom_padding_tablet=&#8220;2em||2em||true|false&#8220; custom_padding_phone=&#8220;0em||0em||true|false&#8220; background_last_edited=&#8220;on|desktop&#8220; background_image_height_tablet=&#8220;33%&#8220; background_image_height_phone=&#8220;10%&#8220; background_position_tablet=&#8220;bottom_right&#8220; background_position_phone=&#8220;bottom_right&#8220; background_horizontal_offset_tablet=&#8220;7%&#8220; background_horizontal_offset_phone=&#8220;5%&#8220; background_vertical_offset_tablet=&#8220;91%&#8220; background_vertical_offset_phone=&#8220;98%&#8220; global_colors_info=&#8220;{}&#8220;][et_pb_row column_structure=&#8220;1_3,2_3&#8243; admin_label=&#8220;Market Information Title Area&#8220; _builder_version=&#8220;4.16&#8243; custom_padding=&#8220;40px|0px|40px|0px&#8220; global_colors_info=&#8220;{}&#8220;][et_pb_column type=&#8220;1_3&#8243; _builder_version=&#8220;4.16&#8243; custom_padding=&#8220;|||&#8220; global_colors_info=&#8220;{}&#8220; custom_padding__hover=&#8220;|||&#8220;][et_pb_text admin_label=&#8220;Title&#8220; _builder_version=&#8220;4.22.0&#8243; _dynamic_attributes=&#8220;content&#8220; text_font=&#8220;||||||||&#8220; header_font=&#8220;||||||||&#8220; header_text_align=&#8220;right&#8220; header_font_size=&#8220;36px&#8220; header_2_font=&#8220;||||||||&#8220; header_2_font_size=&#8220;36px&#8220; header_2_line_height=&#8220;1.5em&#8220; custom_padding=&#8220;|||&#8220; animation_direction=&#8220;left&#8220; header_text_align_tablet=&#8220;left&#8220; header_text_align_phone=&#8220;left&#8220; header_text_align_last_edited=&#8220;on|phone&#8220; header_font_size_tablet=&#8220;36px&#8220; header_font_size_phone=&#8220;32px&#8220; header_font_size_last_edited=&#8220;on|phone&#8220; header_2_font_size_tablet=&#8220;36px&#8220; header_2_font_size_phone=&#8220;32px&#8220; header_2_font_size_last_edited=&#8220;on|phone&#8220; global_colors_info=&#8220;{}&#8220;]@ET-DC@eyJkeW5hbWljIjp0cnVlLCJjb250ZW50IjoicG9zdF90aXRsZSIsInNldHRpbmdzIjp7ImJlZm9yZSI6IjxoMT4iLCJhZnRlciI6IjwvaDE+IiwiZW5hYmxlX2h0bWwiOiJvZmYifX0=@[\/et_pb_text][\/et_pb_column][et_pb_column type=&#8220;2_3&#8243; _builder_version=&#8220;4.16&#8243; custom_padding=&#8220;|||&#8220; global_colors_info=&#8220;{}&#8220; custom_padding__hover=&#8220;|||&#8220;][et_pb_text _builder_version=&#8220;4.22.0&#8243; text_font=&#8220;Open Sans||||||||&#8220; text_text_color=&#8220;#263614&#8243; text_font_size=&#8220;16px&#8220; text_line_height=&#8220;1.8em&#8220; header_font=&#8220;||||||||&#8220; custom_margin=&#8220;5px||0px||false|false&#8220; custom_margin_tablet=&#8220;5px||0px||false|false&#8220; custom_margin_phone=&#8220;-15px||0px||false|false&#8220; custom_margin_last_edited=&#8220;on|phone&#8220; animation_style=&#8220;flip&#8220; animation_direction=&#8220;left&#8220; animation_intensity_flip=&#8220;20%&#8220; animation_starting_opacity=&#8220;100%&#8220; global_colors_info=&#8220;{}&#8220;]<\/p>\n<p>Es g\u00e4be so viel \u00fcber Andalusien zu schreiben. Es ist eine so vielseitige Region. <\/p>\n<p>Wenn du bereits einen Blick auf unsere Website geworfen hast, wirst du gesehen haben, dass wir viele Informationen \u00fcber die Region teilen. Wir m\u00f6chten dir Anregungen geben, was du von der Finca Las Nuevas aus unternehmen kannst. <\/p>\n<p>Und nat\u00fcrlich m\u00f6gen wir nicht alle die gleichen Dinge, deshalb hoffen wir, dass f\u00fcr jeden etwas dabei ist. <\/p>\n<p>Wir sind immer noch dabei, tolle Dinge in und \u00fcber Andalusien zu entdecken. Wir beschreiben diese Ausfl\u00fcge auf den niederl\u00e4ndischen und englischen Seiten dieser Website in unseren Blogs. Und auch einige Fakten \u00fcber das Leben in Andalusien. Und ab und zu ein leckeres spanisches Rezept, um die Atmosph\u00e4re zu genie\u00dfen.   <\/p>\n<p>&nbsp;<\/p>\n<p>[\/et_pb_text][et_pb_button button_url=&#8220;https:\/\/laposta.nl\/f\/ssrz47azo3jp&#8220; button_text=&#8220;Bleib dran f\u00fcr Neuigkeiten und Inspiration \u00fcber Andalusien&#8220; _builder_version=&#8220;4.22.0&#8243; _module_preset=&#8220;a8a617bb-9123-4c9f-8dfd-19bd30c6ec47&#8243; custom_margin=&#8220;2em||||false|false&#8220; global_colors_info=&#8220;{}&#8220;][\/et_pb_button][\/et_pb_column][\/et_pb_row][\/et_pb_section][et_pb_section fb_built=&#8220;1&#8243; admin_label=&#8220;Market Information Section&#8220; _builder_version=&#8220;4.21.0&#8243; background_color=&#8220;#E0E6D9&#8243; custom_padding=&#8220;3em||3em||true|false&#8220; global_colors_info=&#8220;{}&#8220;][et_pb_row custom_padding_last_edited=&#8220;on|phone&#8220; admin_label=&#8220;Market Information Title Area&#8220; _builder_version=&#8220;4.21.0&#8243; custom_padding=&#8220;1em|0px|2em|0px|false|false&#8220; custom_padding_tablet=&#8220;0em||1em||false|false&#8220; custom_padding_phone=&#8220;0em||0em||true|false&#8220; global_colors_info=&#8220;{}&#8220;][et_pb_column type=&#8220;4_4&#8243; _builder_version=&#8220;4.16&#8243; custom_padding=&#8220;|||&#8220; global_colors_info=&#8220;{}&#8220; custom_padding__hover=&#8220;|||&#8220;][et_pb_blog fullwidth=&#8220;off&#8220; posts_number=&#8220;15&#8243; meta_date=&#8220;j\/m\/Y&#8220; excerpt_length=&#8220;210&#8243; show_author=&#8220;off&#8220; _builder_version=&#8220;4.22.0&#8243; _module_preset=&#8220;default&#8220; border_radii=&#8220;on|5px|5px|5px|5px&#8220; box_shadow_style=&#8220;preset3&#8243; global_colors_info=&#8220;{}&#8220; header_text_color__hover_enabled=&#8220;on|desktop&#8220; header_text_color__hover=&#8220;#B5BA05&#8243;][\/et_pb_blog][\/et_pb_column][\/et_pb_row][\/et_pb_section][et_pb_section fb_built=&#8220;1&#8243; custom_padding_last_edited=&#8220;off|desktop&#8220; admin_label=&#8220;Google Maps kaart&#8220; module_id=&#8220;googlemapskaart&#8220; _builder_version=&#8220;4.22.2&#8243; _module_preset=&#8220;default&#8220; background_color=&#8220;#54752B&#8220; custom_padding=&#8220;||||false|false&#8220; custom_padding_tablet=&#8220;3em||3em||true|false&#8220; custom_padding_phone=&#8220;0em||0em||true|false&#8220; saved_tabs=&#8220;all&#8220; global_colors_info=&#8220;{}&#8220;][\/et_pb_section]<\/p>\n","protected":false},"excerpt":{"rendered":"<p>Es g\u00e4be so viel \u00fcber Andalusien zu schreiben. Es ist eine so vielseitige Region. Wenn du bereits einen Blick auf unsere Website geworfen hast, wirst du gesehen haben, dass wir viele Informationen \u00fcber die Region teilen. Wir m\u00f6chten dir Anregungen geben, was du von der Finca Las Nuevas aus unternehmen kannst. Und nat\u00fcrlich m\u00f6gen wir [&hellip;]<\/p>\n","protected":false},"author":1,"featured_media":0,"parent":0,"menu_order":0,"comment_status":"closed","ping_status":"closed","template":"","meta":{"_et_pb_use_builder":"on","_et_pb_old_content":"","_et_gb_content_width":"","footnotes":""},"class_list":["post-15777","page","type-page","status-publish","hentry"],"_links":{"self":[{"href":"https:\/\/fincalasnuevas.com\/de\/wp-json\/wp\/v2\/pages\/15777","targetHints":{"allow":["GET"]}}],"collection":[{"href":"https:\/\/fincalasnuevas.com\/de\/wp-json\/wp\/v2\/pages"}],"about":[{"href":"https:\/\/fincalasnuevas.com\/de\/wp-json\/wp\/v2\/types\/page"}],"author":[{"embeddable":true,"href":"https:\/\/fincalasnuevas.com\/de\/wp-json\/wp\/v2\/users\/1"}],"replies":[{"embeddable":true,"href":"https:\/\/fincalasnuevas.com\/de\/wp-json\/wp\/v2\/comments?post=15777"}],"version-history":[{"count":13,"href":"https:\/\/fincalasnuevas.com\/de\/wp-json\/wp\/v2\/pages\/15777\/revisions"}],"predecessor-version":[{"id":16580,"href":"https:\/\/fincalasnuevas.com\/de\/wp-json\/wp\/v2\/pages\/15777\/revisions\/16580"}],"wp:attachment":[{"href":"https:\/\/fincalasnuevas.com\/de\/wp-json\/wp\/v2\/media?parent=15777"}],"curies":[{"name":"wp","href":"https:\/\/api.w.org\/{rel}","templated":true}]}}