{"id":15461,"date":"2024-01-02T16:05:10","date_gmt":"2024-01-02T16:05:10","guid":{"rendered":"https:\/\/www.fincalasnuevas.com\/?page_id=15461"},"modified":"2025-04-12T14:48:49","modified_gmt":"2025-04-12T14:48:49","slug":"condiciones-general","status":"publish","type":"page","link":"https:\/\/fincalasnuevas.com\/es\/condiciones-general\/","title":{"rendered":"Condiciones general de Finca Las Nuevas"},"content":{"rendered":"<p>[et_pb_section fb_built=\u00bb1&#8243; custom_padding_last_edited=\u00bboff|desktop\u00bb admin_label=\u00bbMarket Information Section\u00bb _builder_version=\u00bb4.22.2&#8243; custom_padding=\u00bb||||false|false\u00bb custom_padding_tablet=\u00bb3em||3em||true|false\u00bb custom_padding_phone=\u00bb1em||1em||true|false\u00bb global_colors_info=\u00bb{}\u00bb][et_pb_row custom_padding_last_edited=\u00bbon|tablet\u00bb admin_label=\u00bbMarket Information Title Area\u00bb _builder_version=\u00bb4.21.0&#8243; custom_padding=\u00bb2em|0px|2em|0px|true|false\u00bb custom_padding_tablet=\u00bb0em|0px|1em|0px|false|false\u00bb custom_padding_phone=\u00bb0px|0px|0px|0px|true|false\u00bb global_colors_info=\u00bb{}\u00bb][et_pb_column type=\u00bb4_4&#8243; _builder_version=\u00bb4.16&#8243; custom_padding=\u00bb|||\u00bb global_colors_info=\u00bb{}\u00bb custom_padding__hover=\u00bb|||\u00bb][et_pb_text _builder_version=\u00bb4.23.4&#8243; _module_preset=\u00bbdefault\u00bb ul_line_height=\u00bb1.6em\u00bb global_colors_info=\u00bb{}\u00bb]<\/p>\n<h2>Condiciones general de Finca Las Nuevas<\/h2>\n<p>Finca Las Nuevas facilita la descripci\u00f3n y detalles de sus alojamientos en el apartado \u201cdescripci\u00f3n\u201d de cada casa en el sitio web <a href=\"https:\/\/fincalasnuevas.com\/es\/\">www.fincalasnuevas.com.<\/a> En el momento de realizar la reserva el cliente se compromete a haber le\u00eddo la descripci\u00f3n de la casa reservada y a conocer sus particularidades, normas, etc.  En el caso de no haberlo hecho estar\u00e1 igualmente obligado a cumplir la normativa de cada establecimiento.<\/p>\n<p>Las siguientes normas y condiciones de Finca Las Nuevas se deber\u00e1n respetar en todos sus puntos des del momento en que se efect\u00faa la reserva, en la entrada a la casa, durante la estancia y hasta la salida en cuesti\u00f3n. En caso contario el propietario de la casa se reserva el derecho de cancelar de inmediato la reserva o estancia a la casa, y su consecuente desocupaci\u00f3n inmediata, sin retorno del importe monetario bajo ning\u00fan concepto. <\/p>\n<p>En ninguno de los establecimientos de Finca Las Nuevas se aceptan fiestas o celebraciones \u00abtipo discoteca\u00bb. Tampoco se pueden llevar y utilizar altavoces o bafles. S\u00f3lo se podr\u00e1 poner m\u00fasica de fondo (volumen bajo) en el INTERIOR de la casa y en ning\u00fan momento se pueden ser m\u00e1s personas de las que se haya comunicado en el momento de realizar la reserva. En jardines, piscina y terrazas queda totalmente prohibido poner m\u00fasica a partir de las 22:00h y se deber\u00e1 vigilar con el volumen de voz para no molestar a los vecinos.   <\/p>\n<p>1. En el momento de realizar la reserva se facilitar\u00e1 el nombre, correos electr\u00f3nico y el tel\u00e9fono de contacto de la persona que efect\u00faa la reserva. Se har\u00e1 una paga y se\u00f1al del 30% del total de la reserva y el resto se pagar\u00e1 por transferencia bancaria 6 semanas antes de la llegada. <\/p>\n<p>2. En las estancias la hora de entrada ser\u00e1 a partir de las 15:00h y la salida antes de las 12:00h.<\/p>\n<p>3. No est\u00e1 permitido el alojamiento de un nombre de personas mayor a la capacidad m\u00e1xima de la casa. 3. No est\u00e1 permitido el alojamiento de un nombre de personas mayor a la capacidad m\u00e1xima de la casa. <\/p>\n<p>4. Se dispone de cunas y tronos para los menores de 2 a\u00f1os de edad. Su instalaci\u00f3n tendr\u00e1 un car\u00e1cter gratuito. (No es possible en Casa Sofia) <\/p>\n<p>5. La casa dispone de cocina totalmente equipada, s\u00e1banas y toallas de ba\u00f1o. No se incluyen las toallas de piscina, si es el caso. <\/p>\n<p>6. Los consumos de agua, electricidad y calefacci\u00f3n est\u00e1n incluidos en el precio total de la estancia y, por lo tanto, no est\u00e1 permitida la utilizaci\u00f3n de aparatos que alteren los consumos previstos de suministros.<\/p>\n<p>7. Animales de compa\u00f1\u00eda: No los admiten.<\/p>\n<p>8. No est\u00e1 permitida la introducci\u00f3n de muebles, equipos de sonido y semejantes en la casa as\u00ed como la realizaci\u00f3n de cualquier tipo de obra.<\/p>\n<p>9. No est\u00e1 permitida la utilizaci\u00f3n de la casa ni de su entorno paisaj\u00edstico para cualquier tipo de actividad diferente a la pactada. Tampoco se podr\u00e1n realizar actividades o conductas contrarias a la higiene o normal convivencia o que atenten contra el orden p\u00fablico. <\/p>\n<p>10. Se recuerda que la ley no permite visitas, sin el conocimiento y consentimiento previo del propietario, de personas no residentes en el alojamiento ni tampoco la utilizaci\u00f3n de servicios comunes destinados exclusivamente al titular de la reserva y el n\u00famero de acompa\u00f1antes especificados.<\/p>\n<p>11. Si el cliente decide abandonar el alojamiento antes de lo pactado no tendr\u00e1 derecho a devoluci\u00f3n alguna.<\/p>\n<p>12. Prohibido fiestas, despedidas de soltero o cualquier tipo de celebraci\u00f3n. No est\u00e1 permita entrar en la casa equipos de sonido. <\/p>\n<p>13.Terminantemente prohibido sacar vidrios en la zona de piscina.<\/p>\n<p>14. El propietario no se har\u00e1 responsable de ning\u00fan tipo de objeto personal y\/o de valor, ni de veh\u00edculos propiedad del cliente que se puedan encontrar en la casa durante la estancia contratada, ni de su p\u00e9rdida, desaparici\u00f3n o robo.<\/p>\n<p>15. Paga y se\u00f1al: la reserva no ser\u00e1 efectiva hasta que el cliente no haya efectuado el pago de un 30% del precio total de la estancia.<\/p>\n<p>16. Condiciones de anulaci\u00f3n de la reserva: si una vez confirmada la reserva y hecha la paga y se\u00f1al, el cliente decide anularla, se aplicar\u00e1n las siguientes tarifas:<\/p>\n<p>1 semana o menos antes de la llegada: 100% de la reserva<\/p>\n<p>2 semanas o menos antes de la llegada: 90% de la reserva<\/p>\n<p>4 semanas o menos antes de la llegada: 75% de la reserva<\/p>\n<p>8 semanas o menos antes de la llegada: 50% de la reserva<\/p>\n<p>M\u00e1s de 9 semanas o menos antes de la llegada: 30% de la reserva.<\/p>\n<p>17. PROTECCI\u00d3N DE DATOS. Consulte nuestra pol\u00edtica de protecci\u00f3n de datos en el apartado \u201cPol\u00edtica de privacidad\u201d que encontrar\u00e9is en el footer de nuestra web <a href=\"https:\/\/fincalasnuevas.com\/es\/\">www.fincalasnuevas.com<\/a>. <\/p>\n<p>Conforme a lo dispuesto en la Ley 7\/1998, de 13 de abril, sobre condiciones generales de la contrataci\u00f3n, el usuario reconoce que ha le\u00eddo las anteriores condiciones generales, que ha tomado conocimiento y que las acepta en el momento de formalizar la reserva gestionada por Finca Las Nuevas. As\u00ed mismo tambi\u00e9n se hace responsable del grupo de personas que ocupar\u00e1 el alojamiento alquilado durante las fechas seleccionadas. <\/p>\n<p>Nota: Este establecimiento cuenta con c\u00e1maras de vigilancia anunciadas seg\u00fan normativa vigente. \u00daltima actualizaci\u00f3n: 01\/01\/2023 <\/p>\n<p>[\/et_pb_text][\/et_pb_column][\/et_pb_row][\/et_pb_section]<\/p>\n","protected":false},"excerpt":{"rendered":"<p>Condiciones general de Finca Las Nuevas Finca Las Nuevas facilita la descripci\u00f3n y detalles de sus alojamientos en el apartado \u201cdescripci\u00f3n\u201d de cada casa en el sitio web www.fincalasnuevas.com. En el momento de realizar la reserva el cliente se compromete a haber le\u00eddo la descripci\u00f3n de la casa reservada y a conocer sus particularidades, normas, [&hellip;]<\/p>\n","protected":false},"author":4,"featured_media":0,"parent":0,"menu_order":0,"comment_status":"closed","ping_status":"closed","template":"","meta":{"_et_pb_use_builder":"on","_et_pb_old_content":"","_et_gb_content_width":"","footnotes":""},"class_list":["post-15461","page","type-page","status-publish","hentry"],"_links":{"self":[{"href":"https:\/\/fincalasnuevas.com\/es\/wp-json\/wp\/v2\/pages\/15461","targetHints":{"allow":["GET"]}}],"collection":[{"href":"https:\/\/fincalasnuevas.com\/es\/wp-json\/wp\/v2\/pages"}],"about":[{"href":"https:\/\/fincalasnuevas.com\/es\/wp-json\/wp\/v2\/types\/page"}],"author":[{"embeddable":true,"href":"https:\/\/fincalasnuevas.com\/es\/wp-json\/wp\/v2\/users\/4"}],"replies":[{"embeddable":true,"href":"https:\/\/fincalasnuevas.com\/es\/wp-json\/wp\/v2\/comments?post=15461"}],"version-history":[{"count":13,"href":"https:\/\/fincalasnuevas.com\/es\/wp-json\/wp\/v2\/pages\/15461\/revisions"}],"predecessor-version":[{"id":18004,"href":"https:\/\/fincalasnuevas.com\/es\/wp-json\/wp\/v2\/pages\/15461\/revisions\/18004"}],"wp:attachment":[{"href":"https:\/\/fincalasnuevas.com\/es\/wp-json\/wp\/v2\/media?parent=15461"}],"curies":[{"name":"wp","href":"https:\/\/api.w.org\/{rel}","templated":true}]}}