{"id":15785,"date":"2023-08-11T18:17:24","date_gmt":"2023-08-11T18:17:24","guid":{"rendered":"https:\/\/www.fincalasnuevas.com\/blog-sobre-andalucia\/"},"modified":"2024-01-07T14:29:24","modified_gmt":"2024-01-07T14:29:24","slug":"blog-sobre-andalucia","status":"publish","type":"page","link":"https:\/\/fincalasnuevas.com\/es\/blog-sobre-andalucia\/","title":{"rendered":"Blog sobre Andaluc\u00eda"},"content":{"rendered":"<p>[et_pb_section fb_built=\u00bb1&#8243; custom_padding_last_edited=\u00bbon|phone\u00bb admin_label=\u00bbMarket Information Section\u00bb _builder_version=\u00bb4.22.0&#8243; background_image=\u00bbhttps:\/\/fincalasnuevas.com\/wp-content\/uploads\/2023\/07\/zonnetje-finca-las-nuevas.png\u00bb background_size=\u00bbcustom\u00bb background_image_height=\u00bb84%\u00bb background_position=\u00bbbottom_left\u00bb background_horizontal_offset=\u00bb16%\u00bb background_vertical_offset=\u00bb49%\u00bb custom_padding=\u00bb0em||2em||false|false\u00bb custom_padding_tablet=\u00bb2em||2em||true|false\u00bb custom_padding_phone=\u00bb0em||0em||true|false\u00bb background_last_edited=\u00bbon|desktop\u00bb background_image_height_tablet=\u00bb33%\u00bb background_image_height_phone=\u00bb10%\u00bb background_position_tablet=\u00bbbottom_right\u00bb background_position_phone=\u00bbbottom_right\u00bb background_horizontal_offset_tablet=\u00bb7%\u00bb background_horizontal_offset_phone=\u00bb5%\u00bb background_vertical_offset_tablet=\u00bb91%\u00bb background_vertical_offset_phone=\u00bb98%\u00bb global_colors_info=\u00bb{}\u00bb][et_pb_row column_structure=\u00bb1_3,2_3&#8243; admin_label=\u00bbMarket Information Title Area\u00bb _builder_version=\u00bb4.16&#8243; custom_padding=\u00bb40px|0px|40px|0px\u00bb global_colors_info=\u00bb{}\u00bb][et_pb_column type=\u00bb1_3&#8243; _builder_version=\u00bb4.16&#8243; custom_padding=\u00bb|||\u00bb global_colors_info=\u00bb{}\u00bb custom_padding__hover=\u00bb|||\u00bb][et_pb_text admin_label=\u00bbTitle\u00bb _builder_version=\u00bb4.22.0&#8243; _dynamic_attributes=\u00bbcontent\u00bb text_font=\u00bb||||||||\u00bb header_font=\u00bb||||||||\u00bb header_text_align=\u00bbright\u00bb header_font_size=\u00bb36px\u00bb header_2_font=\u00bb||||||||\u00bb header_2_font_size=\u00bb36px\u00bb header_2_line_height=\u00bb1.5em\u00bb custom_padding=\u00bb|||\u00bb animation_direction=\u00bbleft\u00bb header_text_align_tablet=\u00bbleft\u00bb header_text_align_phone=\u00bbleft\u00bb header_text_align_last_edited=\u00bbon|phone\u00bb header_font_size_tablet=\u00bb36px\u00bb header_font_size_phone=\u00bb32px\u00bb header_font_size_last_edited=\u00bbon|phone\u00bb header_2_font_size_tablet=\u00bb36px\u00bb header_2_font_size_phone=\u00bb32px\u00bb header_2_font_size_last_edited=\u00bbon|phone\u00bb global_colors_info=\u00bb{}\u00bb]@ET-DC@eyJkeW5hbWljIjp0cnVlLCJjb250ZW50IjoicG9zdF90aXRsZSIsInNldHRpbmdzIjp7ImJlZm9yZSI6IjxoMT4iLCJhZnRlciI6IjwvaDE+IiwiZW5hYmxlX2h0bWwiOiJvZmYifX0=@[\/et_pb_text][\/et_pb_column][et_pb_column type=\u00bb2_3&#8243; _builder_version=\u00bb4.16&#8243; custom_padding=\u00bb|||\u00bb global_colors_info=\u00bb{}\u00bb custom_padding__hover=\u00bb|||\u00bb][et_pb_text _builder_version=\u00bb4.23.4&#8243; text_font=\u00bbOpen Sans||||||||\u00bb text_text_color=\u00bb#263614&#8243; text_font_size=\u00bb16px\u00bb text_line_height=\u00bb1.8em\u00bb header_font=\u00bb||||||||\u00bb custom_margin=\u00bb5px||0px||false|false\u00bb custom_margin_tablet=\u00bb5px||0px||false|false\u00bb custom_margin_phone=\u00bb-15px||0px||false|false\u00bb custom_margin_last_edited=\u00bbon|phone\u00bb animation_style=\u00bbflip\u00bb animation_direction=\u00bbleft\u00bb animation_intensity_flip=\u00bb20%\u00bb animation_starting_opacity=\u00bb100%\u00bb hover_enabled=\u00bb0&#8243; global_colors_info=\u00bb{}\u00bb sticky_enabled=\u00bb0&#8243;]<\/p>\n<p>Hay tanto que escribir sobre Andaluc\u00eda. Es una regi\u00f3n tan diversa.<\/p>\n<p>Si ya has mirado un poco en nuestra p\u00e1gina web, habr\u00e1s visto que compartimos mucha informaci\u00f3n sobre la regi\u00f3n. Nos gusta darte ideas, lo que puedes hacer desde Finca Las Nuevas<\/p>\n<p>Y por supuesto, no a todos nos gustan las mismas cosas, as\u00ed que esperamos que haya algo para todos.<\/p>\n<p>Seguimos descubriendo grandes cosas en y sobre Andaluc\u00eda. Describimos estos viajes en las p\u00e1ginas en <a href=\"https:\/\/fincalasnuevas.com\/en\/blog-about-andalusia\/\">ingl\u00e9s<\/a> y <a href=\"https:\/\/fincalasnuevas.com\/blog-over-andalusie\/\">holand\u00e9s<\/a> de este sitio web en nuestros blogs. As\u00ed como algunos datos sobre la vida en Andaluc\u00eda. Y de vez en cuando una sabrosa receta espa\u00f1ola para saborear el ambiente.<\/p>\n<p>&nbsp;<\/p>\n<p>[\/et_pb_text][et_pb_button button_url=\u00bbhttps:\/\/laposta.nl\/f\/ssrz47azo3jp\u00bb button_text=\u00bbSiga atento a las noticias y la inspiraci\u00f3n sobre Andaluc\u00eda\u00bb _builder_version=\u00bb4.22.0&#8243; _module_preset=\u00bba8a617bb-9123-4c9f-8dfd-19bd30c6ec47&#8243; custom_margin=\u00bb2em||||false|false\u00bb global_colors_info=\u00bb{}\u00bb][\/et_pb_button][\/et_pb_column][\/et_pb_row][\/et_pb_section][et_pb_section fb_built=\u00bb1&#8243; admin_label=\u00bbMarket Information Section\u00bb _builder_version=\u00bb4.21.0&#8243; background_color=\u00bb#E0E6D9&#8243; custom_padding=\u00bb3em||3em||true|false\u00bb global_colors_info=\u00bb{}\u00bb][et_pb_row custom_padding_last_edited=\u00bbon|phone\u00bb admin_label=\u00bbMarket Information Title Area\u00bb _builder_version=\u00bb4.21.0&#8243; custom_padding=\u00bb1em|0px|2em|0px|false|false\u00bb custom_padding_tablet=\u00bb0em||1em||false|false\u00bb custom_padding_phone=\u00bb0em||0em||true|false\u00bb global_colors_info=\u00bb{}\u00bb][et_pb_column type=\u00bb4_4&#8243; _builder_version=\u00bb4.16&#8243; custom_padding=\u00bb|||\u00bb global_colors_info=\u00bb{}\u00bb custom_padding__hover=\u00bb|||\u00bb][\/et_pb_column][\/et_pb_row][\/et_pb_section][et_pb_section fb_built=\u00bb1&#8243; custom_padding_last_edited=\u00bboff|desktop\u00bb admin_label=\u00bbGoogle Maps kaart\u00bb module_id=\u00bbgooglemaps carta\u00bb _builder_version=\u00bb4.22.2&#8243; _module_preset=\u00bbdefault\u00bb background_color=\u00bb#54752B\u00bb custom_padding=\u00bb||||false|false\u00bb custom_padding_tablet=\u00bb3em||3em||true|false\u00bb custom_padding_phone=\u00bb0em||0em||true|false\u00bb saved_tabs=\u00bball\u00bb global_colors_info=\u00bb{}\u00bb][\/et_pb_section]<\/p>\n","protected":false},"excerpt":{"rendered":"<p>Hay tanto que escribir sobre Andaluc\u00eda. Es una regi\u00f3n tan diversa. Si ya has mirado un poco en nuestra p\u00e1gina web, habr\u00e1s visto que compartimos mucha informaci\u00f3n sobre la regi\u00f3n. Nos gusta darte ideas, lo que puedes hacer desde Finca Las Nuevas Y por supuesto, no a todos nos gustan las mismas cosas, as\u00ed que [&hellip;]<\/p>\n","protected":false},"author":1,"featured_media":0,"parent":0,"menu_order":0,"comment_status":"closed","ping_status":"closed","template":"","meta":{"_et_pb_use_builder":"on","_et_pb_old_content":"","_et_gb_content_width":"","footnotes":""},"class_list":["post-15785","page","type-page","status-publish","hentry"],"_links":{"self":[{"href":"https:\/\/fincalasnuevas.com\/es\/wp-json\/wp\/v2\/pages\/15785","targetHints":{"allow":["GET"]}}],"collection":[{"href":"https:\/\/fincalasnuevas.com\/es\/wp-json\/wp\/v2\/pages"}],"about":[{"href":"https:\/\/fincalasnuevas.com\/es\/wp-json\/wp\/v2\/types\/page"}],"author":[{"embeddable":true,"href":"https:\/\/fincalasnuevas.com\/es\/wp-json\/wp\/v2\/users\/1"}],"replies":[{"embeddable":true,"href":"https:\/\/fincalasnuevas.com\/es\/wp-json\/wp\/v2\/comments?post=15785"}],"version-history":[{"count":5,"href":"https:\/\/fincalasnuevas.com\/es\/wp-json\/wp\/v2\/pages\/15785\/revisions"}],"predecessor-version":[{"id":15793,"href":"https:\/\/fincalasnuevas.com\/es\/wp-json\/wp\/v2\/pages\/15785\/revisions\/15793"}],"wp:attachment":[{"href":"https:\/\/fincalasnuevas.com\/es\/wp-json\/wp\/v2\/media?parent=15785"}],"curies":[{"name":"wp","href":"https:\/\/api.w.org\/{rel}","templated":true}]}}